{"id":2118,"date":"2020-08-09T15:48:59","date_gmt":"2020-08-09T15:48:59","guid":{"rendered":"https:\/\/angelolaran.com\/media\/"},"modified":"2020-11-03T10:31:50","modified_gmt":"2020-11-03T10:31:50","slug":"media","status":"publish","type":"page","link":"https:\/\/angelolaran.com\/en\/media\/","title":{"rendered":"Media"},"content":{"rendered":"<p>[vc_row][vc_column][vc_empty_space height=&#8221;25px&#8221;][\/vc_column][vc_column][vc_custom_heading text=&#8221;Videos&#8221;][\/vc_column][\/vc_row][vc_row][vc_column width=&#8221;1\/3&#8243;][vc_video link=&#8221;https:\/\/youtu.be\/Vz3lD4HJ16A&#8221; title=&#8221;La denuncia de Abba Melaku&#8221;][\/vc_column][vc_column width=&#8221;1\/3&#8243;][vc_video link=&#8221;https:\/\/youtu.be\/Qprz0PD9ghY&#8221; title=&#8221;Conciencia ef\u00edmera&#8221;][\/vc_column][vc_column width=&#8221;1\/3&#8243;][vc_video link=&#8221;https:\/\/youtu.be\/RW9ireCa82w&#8221; title=&#8221;\u00c1ngeles de Wukro&#8221;][\/vc_column][\/vc_row][vc_row][vc_column width=&#8221;1\/3&#8243;][vc_video link=&#8221;https:\/\/www.youtube.com\/watch?v=S3gTaB16-U0&#8243; title=&#8221;La huerta de Abba Melaku `{`Patinar en Etiop\u00eda`}`&#8221;][\/vc_column][vc_column width=&#8221;1\/3&#8243;][vc_video link=&#8221;https:\/\/www.youtube.com\/v\/REMVcL0GGFA&#8221; title=&#8221;Investidura de \u00c1ngel Olaran como doctor Honoris Causa de la UdL&#8221;][\/vc_column][vc_column width=&#8221;1\/3&#8243;][vc_video link=&#8221;https:\/\/www.youtube.com\/watch?v=5XoX-KvNQeA&#8221; title=&#8221;Patinar en Etiop\u00eda. Gr\u00fach\u00fa. El derecho a la sonrisa.&#8221;][\/vc_column][\/vc_row][vc_row][vc_column][vc_empty_space height=&#8221;25px&#8221;][\/vc_column][\/vc_row][vc_row isfullwidth=&#8221;0&#8243;][vc_column][vc_media_grid element_width=&#8221;3&#8243; grid_id=&#8221;vc_gid:1596987881789-9f2a6040-3173-7&#8243; include=&#8221;1904,1977,1394,1907&#8243;][vc_empty_space height=&#8221;5px&#8221;][\/vc_column][\/vc_row][vc_row][vc_column][vc_empty_space height=&#8221;25px&#8221;][\/vc_column][\/vc_row][vc_row css=&#8221;.vc_custom_1583934165294{background-color: #222222 !important;}&#8221;][vc_column width=&#8221;8\/12&#8243; el_class=&#8221;skew-theme-right&#8221;][vc_empty_space height=&#8221;50px&#8221;][vc_custom_heading text=&#8221;Learn about \u00c1ngel&#8217;s work&#8221; font_container=&#8221;tag:h2|font_size:24px|text_align:left&#8221; css=&#8221;.vc_custom_1583932837232{margin-top: 0px !important;margin-bottom: 0px !important;}&#8221;][vc_empty_space height=&#8221;10px&#8221;][vc_column_text]Come to Ethiopia and get to know \u00c1ngel&#8217;s project and work in first person. Whether you want to go as a volunteer or as a visitor, we await you with open arms.[\/vc_column_text][vc_empty_space height=&#8221;40px&#8221;][\/vc_column][vc_column width=&#8221;4\/12&#8243;][vc_empty_space height=&#8221;70px&#8221;][vc_column_text css=&#8221;.vc_custom_1596837209854{margin-bottom: 0px !important;}&#8221;]<\/p>\n<p style=\"text-align: center;\"><a class=\"btn btn-outline btn-theme\" href=\"https:\/\/angelolaran.com\/en\/volunteering-and-visits\/\">COME AND MEET US<\/a><\/p>\n<p>[\/vc_column_text][vc_empty_space height=&#8221;50px&#8221;][\/vc_column][\/vc_row][vc_row css=&#8221;.vc_custom_1493776294665{background-color: #ffffff !important;}&#8221;][vc_column][vc_empty_space height=&#8221;30px&#8221;][vc_empty_space height=&#8221;40px&#8221;][vc_row_inner][vc_column_inner offset=&#8221;vc_col-lg-3 vc_col-md-3&#8243;][vc_custom_heading text=&#8221;OUR PARTNERS&#8221; font_container=&#8221;tag:h2|font_size:22|text_align:left&#8221; css=&#8221;.vc_custom_1584023337876{margin-top: 0px !important;margin-bottom: 0px !important;}&#8221;][\/vc_column_inner][vc_column_inner offset=&#8221;vc_col-lg-9 vc_col-md-9&#8243;][apus_brands number=&#8221;15&#8243; layout_type=&#8221;carousel&#8221; columns=&#8221;5&#8243;][\/vc_column_inner][\/vc_row_inner][vc_empty_space height=&#8221;40px&#8221;][\/vc_column][\/vc_row]<\/p>\n","protected":false},"excerpt":{"rendered":"<p>[vc_row][vc_column][vc_empty_space height=&#8221;25px&#8221;][\/vc_column][vc_column][vc_custom_heading text=&#8221;Videos&#8221;][\/vc_column][\/vc_row][vc_row][vc_column width=&#8221;1\/3&#8243;][vc_video link=&#8221;https:\/\/youtu.be\/Vz3lD4HJ16A&#8221; title=&#8221;La denuncia de Abba Melaku&#8221;][\/vc_column][vc_column width=&#8221;1\/3&#8243;][vc_video link=&#8221;https:\/\/youtu.be\/Qprz0PD9ghY&#8221; title=&#8221;Conciencia ef\u00edmera&#8221;][\/vc_column][vc_column width=&#8221;1\/3&#8243;][vc_video link=&#8221;https:\/\/youtu.be\/RW9ireCa82w&#8221; title=&#8221;\u00c1ngeles de Wukro&#8221;][\/vc_column][\/vc_row][vc_row][vc_column width=&#8221;1\/3&#8243;][vc_video link=&#8221;https:\/\/www.youtube.com\/watch?v=S3gTaB16-U0&#8243; title=&#8221;La huerta de Abba Melaku `{`Patinar en Etiop\u00eda`}`&#8221;][\/vc_column][vc_column width=&#8221;1\/3&#8243;][vc_video link=&#8221;https:\/\/www.youtube.com\/v\/REMVcL0GGFA&#8221; title=&#8221;Investidura de \u00c1ngel Olaran como doctor Honoris Causa de la UdL&#8221;][\/vc_column][vc_column width=&#8221;1\/3&#8243;][vc_video link=&#8221;https:\/\/www.youtube.com\/watch?v=5XoX-KvNQeA&#8221; title=&#8221;Patinar en Etiop\u00eda. Gr\u00fach\u00fa. El derecho a la sonrisa.&#8221;][\/vc_column][\/vc_row][vc_row][vc_column][vc_empty_space height=&#8221;25px&#8221;][\/vc_column][\/vc_row][vc_row isfullwidth=&#8221;0&#8243;][vc_column][vc_media_grid &hellip; <br \/><a href=\"https:\/\/angelolaran.com\/en\/media\/\" class=\"more-link\">Continue reading <span class=\"screen-reader-text\">Media<\/span><\/a><\/p>\n","protected":false},"author":1,"featured_media":0,"parent":0,"menu_order":0,"comment_status":"closed","ping_status":"closed","template":"","meta":{"give_campaign_id":0,"footnotes":""},"class_list":["post-2118","page","type-page","status-publish","hentry"],"yoast_head":"<!-- This site is optimized with the Yoast SEO plugin v27.0 - https:\/\/yoast.com\/product\/yoast-seo-wordpress\/ -->\n<title>Media - Web de \u00c1ngel Olaran<\/title>\n<meta name=\"robots\" content=\"index, follow, max-snippet:-1, max-image-preview:large, max-video-preview:-1\" \/>\n<link rel=\"canonical\" href=\"https:\/\/angelolaran.com\/en\/media\/\" \/>\n<meta property=\"og:locale\" content=\"en_US\" \/>\n<meta property=\"og:type\" content=\"article\" \/>\n<meta property=\"og:title\" content=\"Media - Web de \u00c1ngel Olaran\" \/>\n<meta property=\"og:description\" content=\"[vc_row][vc_column][vc_empty_space height=&#8221;25px&#8221;][\/vc_column][vc_column][vc_custom_heading text=&#8221;Videos&#8221;][\/vc_column][\/vc_row][vc_row][vc_column width=&#8221;1\/3&#8243;][vc_video link=&#8221;https:\/\/youtu.be\/Vz3lD4HJ16A&#8221; title=&#8221;La denuncia de Abba Melaku&#8221;][\/vc_column][vc_column width=&#8221;1\/3&#8243;][vc_video link=&#8221;https:\/\/youtu.be\/Qprz0PD9ghY&#8221; title=&#8221;Conciencia ef\u00edmera&#8221;][\/vc_column][vc_column width=&#8221;1\/3&#8243;][vc_video link=&#8221;https:\/\/youtu.be\/RW9ireCa82w&#8221; title=&#8221;\u00c1ngeles de Wukro&#8221;][\/vc_column][\/vc_row][vc_row][vc_column width=&#8221;1\/3&#8243;][vc_video link=&#8221;https:\/\/www.youtube.com\/watch?v=S3gTaB16-U0&#8243; title=&#8221;La huerta de Abba Melaku `{`Patinar en Etiop\u00eda`}`&#8221;][\/vc_column][vc_column width=&#8221;1\/3&#8243;][vc_video link=&#8221;https:\/\/www.youtube.com\/v\/REMVcL0GGFA&#8221; title=&#8221;Investidura de \u00c1ngel Olaran como doctor Honoris Causa de la UdL&#8221;][\/vc_column][vc_column width=&#8221;1\/3&#8243;][vc_video link=&#8221;https:\/\/www.youtube.com\/watch?v=5XoX-KvNQeA&#8221; title=&#8221;Patinar en Etiop\u00eda. Gr\u00fach\u00fa. El derecho a la sonrisa.&#8221;][\/vc_column][\/vc_row][vc_row][vc_column][vc_empty_space height=&#8221;25px&#8221;][\/vc_column][\/vc_row][vc_row isfullwidth=&#8221;0&#8243;][vc_column][vc_media_grid &hellip; Continue reading Media\" \/>\n<meta property=\"og:url\" content=\"https:\/\/angelolaran.com\/en\/media\/\" \/>\n<meta property=\"og:site_name\" content=\"Web de \u00c1ngel Olaran\" \/>\n<meta property=\"article:modified_time\" content=\"2020-11-03T10:31:50+00:00\" \/>\n<meta name=\"twitter:card\" content=\"summary_large_image\" \/>\n<meta name=\"twitter:label1\" content=\"Est. reading time\" \/>\n\t<meta name=\"twitter:data1\" content=\"2 minutes\" \/>\n<script type=\"application\/ld+json\" class=\"yoast-schema-graph\">{\"@context\":\"https:\/\/schema.org\",\"@graph\":[{\"@type\":\"WebPage\",\"@id\":\"https:\/\/angelolaran.com\/en\/media\/\",\"url\":\"https:\/\/angelolaran.com\/en\/media\/\",\"name\":\"Media - Web de \u00c1ngel Olaran\",\"isPartOf\":{\"@id\":\"https:\/\/angelolaran.com\/en\/#website\"},\"datePublished\":\"2020-08-09T15:48:59+00:00\",\"dateModified\":\"2020-11-03T10:31:50+00:00\",\"breadcrumb\":{\"@id\":\"https:\/\/angelolaran.com\/en\/media\/#breadcrumb\"},\"inLanguage\":\"en-US\",\"potentialAction\":[{\"@type\":\"ReadAction\",\"target\":[\"https:\/\/angelolaran.com\/en\/media\/\"]}]},{\"@type\":\"BreadcrumbList\",\"@id\":\"https:\/\/angelolaran.com\/en\/media\/#breadcrumb\",\"itemListElement\":[{\"@type\":\"ListItem\",\"position\":1,\"name\":\"Portada\",\"item\":\"https:\/\/angelolaran.com\/en\/\"},{\"@type\":\"ListItem\",\"position\":2,\"name\":\"Media\"}]},{\"@type\":\"WebSite\",\"@id\":\"https:\/\/angelolaran.com\/en\/#website\",\"url\":\"https:\/\/angelolaran.com\/en\/\",\"name\":\"Web de \u00c1ngel Olaran\",\"description\":\"Wukro - Etiop\u00eda\",\"potentialAction\":[{\"@type\":\"SearchAction\",\"target\":{\"@type\":\"EntryPoint\",\"urlTemplate\":\"https:\/\/angelolaran.com\/en\/?s={search_term_string}\"},\"query-input\":{\"@type\":\"PropertyValueSpecification\",\"valueRequired\":true,\"valueName\":\"search_term_string\"}}],\"inLanguage\":\"en-US\"}]}<\/script>\n<!-- \/ Yoast SEO plugin. -->","yoast_head_json":{"title":"Media - Web de \u00c1ngel Olaran","robots":{"index":"index","follow":"follow","max-snippet":"max-snippet:-1","max-image-preview":"max-image-preview:large","max-video-preview":"max-video-preview:-1"},"canonical":"https:\/\/angelolaran.com\/en\/media\/","og_locale":"en_US","og_type":"article","og_title":"Media - Web de \u00c1ngel Olaran","og_description":"[vc_row][vc_column][vc_empty_space height=&#8221;25px&#8221;][\/vc_column][vc_column][vc_custom_heading text=&#8221;Videos&#8221;][\/vc_column][\/vc_row][vc_row][vc_column width=&#8221;1\/3&#8243;][vc_video link=&#8221;https:\/\/youtu.be\/Vz3lD4HJ16A&#8221; title=&#8221;La denuncia de Abba Melaku&#8221;][\/vc_column][vc_column width=&#8221;1\/3&#8243;][vc_video link=&#8221;https:\/\/youtu.be\/Qprz0PD9ghY&#8221; title=&#8221;Conciencia ef\u00edmera&#8221;][\/vc_column][vc_column width=&#8221;1\/3&#8243;][vc_video link=&#8221;https:\/\/youtu.be\/RW9ireCa82w&#8221; title=&#8221;\u00c1ngeles de Wukro&#8221;][\/vc_column][\/vc_row][vc_row][vc_column width=&#8221;1\/3&#8243;][vc_video link=&#8221;https:\/\/www.youtube.com\/watch?v=S3gTaB16-U0&#8243; title=&#8221;La huerta de Abba Melaku `{`Patinar en Etiop\u00eda`}`&#8221;][\/vc_column][vc_column width=&#8221;1\/3&#8243;][vc_video link=&#8221;https:\/\/www.youtube.com\/v\/REMVcL0GGFA&#8221; title=&#8221;Investidura de \u00c1ngel Olaran como doctor Honoris Causa de la UdL&#8221;][\/vc_column][vc_column width=&#8221;1\/3&#8243;][vc_video link=&#8221;https:\/\/www.youtube.com\/watch?v=5XoX-KvNQeA&#8221; title=&#8221;Patinar en Etiop\u00eda. Gr\u00fach\u00fa. El derecho a la sonrisa.&#8221;][\/vc_column][\/vc_row][vc_row][vc_column][vc_empty_space height=&#8221;25px&#8221;][\/vc_column][\/vc_row][vc_row isfullwidth=&#8221;0&#8243;][vc_column][vc_media_grid &hellip; Continue reading Media","og_url":"https:\/\/angelolaran.com\/en\/media\/","og_site_name":"Web de \u00c1ngel Olaran","article_modified_time":"2020-11-03T10:31:50+00:00","twitter_card":"summary_large_image","twitter_misc":{"Est. reading time":"2 minutes"},"schema":{"@context":"https:\/\/schema.org","@graph":[{"@type":"WebPage","@id":"https:\/\/angelolaran.com\/en\/media\/","url":"https:\/\/angelolaran.com\/en\/media\/","name":"Media - Web de \u00c1ngel Olaran","isPartOf":{"@id":"https:\/\/angelolaran.com\/en\/#website"},"datePublished":"2020-08-09T15:48:59+00:00","dateModified":"2020-11-03T10:31:50+00:00","breadcrumb":{"@id":"https:\/\/angelolaran.com\/en\/media\/#breadcrumb"},"inLanguage":"en-US","potentialAction":[{"@type":"ReadAction","target":["https:\/\/angelolaran.com\/en\/media\/"]}]},{"@type":"BreadcrumbList","@id":"https:\/\/angelolaran.com\/en\/media\/#breadcrumb","itemListElement":[{"@type":"ListItem","position":1,"name":"Portada","item":"https:\/\/angelolaran.com\/en\/"},{"@type":"ListItem","position":2,"name":"Media"}]},{"@type":"WebSite","@id":"https:\/\/angelolaran.com\/en\/#website","url":"https:\/\/angelolaran.com\/en\/","name":"Web de \u00c1ngel Olaran","description":"Wukro - Etiop\u00eda","potentialAction":[{"@type":"SearchAction","target":{"@type":"EntryPoint","urlTemplate":"https:\/\/angelolaran.com\/en\/?s={search_term_string}"},"query-input":{"@type":"PropertyValueSpecification","valueRequired":true,"valueName":"search_term_string"}}],"inLanguage":"en-US"}]}},"campaignId":"","_links":{"self":[{"href":"https:\/\/angelolaran.com\/en\/wp-json\/wp\/v2\/pages\/2118","targetHints":{"allow":["GET"]}}],"collection":[{"href":"https:\/\/angelolaran.com\/en\/wp-json\/wp\/v2\/pages"}],"about":[{"href":"https:\/\/angelolaran.com\/en\/wp-json\/wp\/v2\/types\/page"}],"author":[{"embeddable":true,"href":"https:\/\/angelolaran.com\/en\/wp-json\/wp\/v2\/users\/1"}],"replies":[{"embeddable":true,"href":"https:\/\/angelolaran.com\/en\/wp-json\/wp\/v2\/comments?post=2118"}],"version-history":[{"count":4,"href":"https:\/\/angelolaran.com\/en\/wp-json\/wp\/v2\/pages\/2118\/revisions"}],"predecessor-version":[{"id":2242,"href":"https:\/\/angelolaran.com\/en\/wp-json\/wp\/v2\/pages\/2118\/revisions\/2242"}],"wp:attachment":[{"href":"https:\/\/angelolaran.com\/en\/wp-json\/wp\/v2\/media?parent=2118"}],"curies":[{"name":"wp","href":"https:\/\/api.w.org\/{rel}","templated":true}]}}